{"id":1351,"date":"2023-07-26T18:43:54","date_gmt":"2023-07-26T15:43:54","guid":{"rendered":"https:\/\/keystaff.fi\/?page_id=1351"},"modified":"2024-01-08T17:51:56","modified_gmt":"2024-01-08T15:51:56","slug":"faq","status":"publish","type":"page","link":"https:\/\/keystaff.fi\/en\/faq\/","title":{"rendered":"FAQ"},"content":{"rendered":"<div data-elementor-type=\"wp-page\" data-elementor-id=\"1351\" class=\"elementor elementor-1351\" data-elementor-post-type=\"page\">\n\t\t\t\t<div class=\"elementor-element elementor-element-2136971 e-flex e-con-boxed e-con e-parent\" data-id=\"2136971\" data-element_type=\"container\" data-e-type=\"container\" data-settings=\"{&quot;background_background&quot;:&quot;classic&quot;,&quot;jet_parallax_layout_list&quot;:[]}\">\n\t\t\t\t\t<div class=\"e-con-inner\">\n\t\t\t\t<div class=\"elementor-element elementor-element-b20cf3c elementor-widget elementor-widget-heading\" data-id=\"b20cf3c\" data-element_type=\"widget\" data-e-type=\"widget\" data-widget_type=\"heading.default\">\n\t\t\t\t<div class=\"elementor-widget-container\">\n\t\t\t\t\t<h1 class=\"elementor-heading-title elementor-size-default\">FAQ<\/h1>\t\t\t\t<\/div>\n\t\t\t\t<\/div>\n\t\t\t\t<div class=\"elementor-element elementor-element-a68b966 elementor-widget__width-initial elementor-widget elementor-widget-text-editor\" data-id=\"a68b966\" data-element_type=\"widget\" data-e-type=\"widget\" data-widget_type=\"text-editor.default\">\n\t\t\t\t<div class=\"elementor-widget-container\">\n\t\t\t\t\t\t\t\t\t<p>Frequently asked questions<\/p>\t\t\t\t\t\t\t\t<\/div>\n\t\t\t\t<\/div>\n\t\t\t\t\t<\/div>\n\t\t\t\t<\/div>\n\t\t<div class=\"elementor-element elementor-element-4ef64eb e-flex e-con-boxed e-con e-parent\" data-id=\"4ef64eb\" data-element_type=\"container\" data-e-type=\"container\" data-settings=\"{&quot;jet_parallax_layout_list&quot;:[]}\">\n\t\t\t\t\t<div class=\"e-con-inner\">\n\t\t\t\t<div class=\"elementor-element elementor-element-3afe525 elementor-widget elementor-widget-toggle\" data-id=\"3afe525\" data-element_type=\"widget\" data-e-type=\"widget\" data-widget_type=\"toggle.default\">\n\t\t\t\t<div class=\"elementor-widget-container\">\n\t\t\t\t\t\t\t<div class=\"elementor-toggle\">\n\t\t\t\t\t\t\t<div class=\"elementor-toggle-item\">\n\t\t\t\t\t<div id=\"elementor-tab-title-6181\" class=\"elementor-tab-title\" data-tab=\"1\" role=\"button\" aria-controls=\"elementor-tab-content-6181\" aria-expanded=\"false\">\n\t\t\t\t\t\t\t\t\t\t\t\t<span class=\"elementor-toggle-icon elementor-toggle-icon-left\" aria-hidden=\"true\">\n\t\t\t\t\t\t\t\t\t\t\t\t\t\t\t<span class=\"elementor-toggle-icon-closed\"><i class=\"fas fa-caret-right\"><\/i><\/span>\n\t\t\t\t\t\t\t\t<span class=\"elementor-toggle-icon-opened\"><i class=\"elementor-toggle-icon-opened fas fa-caret-up\"><\/i><\/span>\n\t\t\t\t\t\t\t\t\t\t\t\t\t<\/span>\n\t\t\t\t\t\t\t\t\t\t\t\t<a class=\"elementor-toggle-title\" tabindex=\"0\">Can I get a residence permit in Finland through KeyStaff Oy?<\/a>\n\t\t\t\t\t<\/div>\n\n\t\t\t\t\t<div id=\"elementor-tab-content-6181\" class=\"elementor-tab-content elementor-clearfix\" data-tab=\"1\" role=\"region\" aria-labelledby=\"elementor-tab-title-6181\"><p>You can explore open job positions offered by KeyStaff by contacting us at: tyopaikat.keystaff.fi and submitting your CV, along with details about your qualifications. If your qualifications align with our job opportunities, our recruiters will reach out to discuss the possibility of employment. Ultimately, if you successfully navigate through the recruitment stages also with our end client, we may offer you an employment contract and assist in the process of obtaining a work permit in Finland.<\/p><\/div>\n\t\t\t\t<\/div>\n\t\t\t\t\t\t\t<div class=\"elementor-toggle-item\">\n\t\t\t\t\t<div id=\"elementor-tab-title-6182\" class=\"elementor-tab-title\" data-tab=\"2\" role=\"button\" aria-controls=\"elementor-tab-content-6182\" aria-expanded=\"false\">\n\t\t\t\t\t\t\t\t\t\t\t\t<span class=\"elementor-toggle-icon elementor-toggle-icon-left\" aria-hidden=\"true\">\n\t\t\t\t\t\t\t\t\t\t\t\t\t\t\t<span class=\"elementor-toggle-icon-closed\"><i class=\"fas fa-caret-right\"><\/i><\/span>\n\t\t\t\t\t\t\t\t<span class=\"elementor-toggle-icon-opened\"><i class=\"elementor-toggle-icon-opened fas fa-caret-up\"><\/i><\/span>\n\t\t\t\t\t\t\t\t\t\t\t\t\t<\/span>\n\t\t\t\t\t\t\t\t\t\t\t\t<a class=\"elementor-toggle-title\" tabindex=\"0\">Where are you located?<\/a>\n\t\t\t\t\t<\/div>\n\n\t\t\t\t\t<div id=\"elementor-tab-content-6182\" class=\"elementor-tab-content elementor-clearfix\" data-tab=\"2\" role=\"region\" aria-labelledby=\"elementor-tab-title-6182\"><p>We offer workers and services across Finland and our office team is located in Espoo and the wider Uusimaa region.<\/p><\/div>\n\t\t\t\t<\/div>\n\t\t\t\t\t\t\t<div class=\"elementor-toggle-item\">\n\t\t\t\t\t<div id=\"elementor-tab-title-6183\" class=\"elementor-tab-title\" data-tab=\"3\" role=\"button\" aria-controls=\"elementor-tab-content-6183\" aria-expanded=\"false\">\n\t\t\t\t\t\t\t\t\t\t\t\t<span class=\"elementor-toggle-icon elementor-toggle-icon-left\" aria-hidden=\"true\">\n\t\t\t\t\t\t\t\t\t\t\t\t\t\t\t<span class=\"elementor-toggle-icon-closed\"><i class=\"fas fa-caret-right\"><\/i><\/span>\n\t\t\t\t\t\t\t\t<span class=\"elementor-toggle-icon-opened\"><i class=\"elementor-toggle-icon-opened fas fa-caret-up\"><\/i><\/span>\n\t\t\t\t\t\t\t\t\t\t\t\t\t<\/span>\n\t\t\t\t\t\t\t\t\t\t\t\t<a class=\"elementor-toggle-title\" tabindex=\"0\">Do you offer permanent full-time or temporary part-time work?<\/a>\n\t\t\t\t\t<\/div>\n\n\t\t\t\t\t<div id=\"elementor-tab-content-6183\" class=\"elementor-tab-content elementor-clearfix\" data-tab=\"3\" role=\"region\" aria-labelledby=\"elementor-tab-title-6183\"><p>The length of the work contract is always case dependent, depending on the end client needs and also the employee chosen.<\/p><\/div>\n\t\t\t\t<\/div>\n\t\t\t\t\t\t\t<div class=\"elementor-toggle-item\">\n\t\t\t\t\t<div id=\"elementor-tab-title-6184\" class=\"elementor-tab-title\" data-tab=\"4\" role=\"button\" aria-controls=\"elementor-tab-content-6184\" aria-expanded=\"false\">\n\t\t\t\t\t\t\t\t\t\t\t\t<span class=\"elementor-toggle-icon elementor-toggle-icon-left\" aria-hidden=\"true\">\n\t\t\t\t\t\t\t\t\t\t\t\t\t\t\t<span class=\"elementor-toggle-icon-closed\"><i class=\"fas fa-caret-right\"><\/i><\/span>\n\t\t\t\t\t\t\t\t<span class=\"elementor-toggle-icon-opened\"><i class=\"elementor-toggle-icon-opened fas fa-caret-up\"><\/i><\/span>\n\t\t\t\t\t\t\t\t\t\t\t\t\t<\/span>\n\t\t\t\t\t\t\t\t\t\t\t\t<a class=\"elementor-toggle-title\" tabindex=\"0\">Do you offer accommodation or transportation to the job?<\/a>\n\t\t\t\t\t<\/div>\n\n\t\t\t\t\t<div id=\"elementor-tab-content-6184\" class=\"elementor-tab-content elementor-clearfix\" data-tab=\"4\" role=\"region\" aria-labelledby=\"elementor-tab-title-6184\"><p>If it is agreed with the end client contract. Typically these are not included.<\/p><\/div>\n\t\t\t\t<\/div>\n\t\t\t\t\t\t\t<div class=\"elementor-toggle-item\">\n\t\t\t\t\t<div id=\"elementor-tab-title-6185\" class=\"elementor-tab-title\" data-tab=\"5\" role=\"button\" aria-controls=\"elementor-tab-content-6185\" aria-expanded=\"false\">\n\t\t\t\t\t\t\t\t\t\t\t\t<span class=\"elementor-toggle-icon elementor-toggle-icon-left\" aria-hidden=\"true\">\n\t\t\t\t\t\t\t\t\t\t\t\t\t\t\t<span class=\"elementor-toggle-icon-closed\"><i class=\"fas fa-caret-right\"><\/i><\/span>\n\t\t\t\t\t\t\t\t<span class=\"elementor-toggle-icon-opened\"><i class=\"elementor-toggle-icon-opened fas fa-caret-up\"><\/i><\/span>\n\t\t\t\t\t\t\t\t\t\t\t\t\t<\/span>\n\t\t\t\t\t\t\t\t\t\t\t\t<a class=\"elementor-toggle-title\" tabindex=\"0\">Do you offer any kind of training to the employee before the work starts?<\/a>\n\t\t\t\t\t<\/div>\n\n\t\t\t\t\t<div id=\"elementor-tab-content-6185\" class=\"elementor-tab-content elementor-clearfix\" data-tab=\"5\" role=\"region\" aria-labelledby=\"elementor-tab-title-6185\"><p>It is agreed with the end client contract. These may include for example necessary certificates like hygiene pass in restaurants or work safety pass for the construction sites, or finnish language training.<\/p><\/div>\n\t\t\t\t<\/div>\n\t\t\t\t\t\t\t<div class=\"elementor-toggle-item\">\n\t\t\t\t\t<div id=\"elementor-tab-title-6186\" class=\"elementor-tab-title\" data-tab=\"6\" role=\"button\" aria-controls=\"elementor-tab-content-6186\" aria-expanded=\"false\">\n\t\t\t\t\t\t\t\t\t\t\t\t<span class=\"elementor-toggle-icon elementor-toggle-icon-left\" aria-hidden=\"true\">\n\t\t\t\t\t\t\t\t\t\t\t\t\t\t\t<span class=\"elementor-toggle-icon-closed\"><i class=\"fas fa-caret-right\"><\/i><\/span>\n\t\t\t\t\t\t\t\t<span class=\"elementor-toggle-icon-opened\"><i class=\"elementor-toggle-icon-opened fas fa-caret-up\"><\/i><\/span>\n\t\t\t\t\t\t\t\t\t\t\t\t\t<\/span>\n\t\t\t\t\t\t\t\t\t\t\t\t<a class=\"elementor-toggle-title\" tabindex=\"0\">Do you help to bring foreign employees' families to Finland?<\/a>\n\t\t\t\t\t<\/div>\n\n\t\t\t\t\t<div id=\"elementor-tab-content-6186\" class=\"elementor-tab-content elementor-clearfix\" data-tab=\"6\" role=\"region\" aria-labelledby=\"elementor-tab-title-6186\"><p>We help our foreign employees with work permit applications renewal, and can help in other settling down related questions. For new hires from abroad, who have the relocation package, we also help with the employee spouse and children's residence applications, finding employment and schooling.<\/p><\/div>\n\t\t\t\t<\/div>\n\t\t\t\t\t\t\t<div class=\"elementor-toggle-item\">\n\t\t\t\t\t<div id=\"elementor-tab-title-6187\" class=\"elementor-tab-title\" data-tab=\"7\" role=\"button\" aria-controls=\"elementor-tab-content-6187\" aria-expanded=\"false\">\n\t\t\t\t\t\t\t\t\t\t\t\t<span class=\"elementor-toggle-icon elementor-toggle-icon-left\" aria-hidden=\"true\">\n\t\t\t\t\t\t\t\t\t\t\t\t\t\t\t<span class=\"elementor-toggle-icon-closed\"><i class=\"fas fa-caret-right\"><\/i><\/span>\n\t\t\t\t\t\t\t\t<span class=\"elementor-toggle-icon-opened\"><i class=\"elementor-toggle-icon-opened fas fa-caret-up\"><\/i><\/span>\n\t\t\t\t\t\t\t\t\t\t\t\t\t<\/span>\n\t\t\t\t\t\t\t\t\t\t\t\t<a class=\"elementor-toggle-title\" tabindex=\"0\">Are you a trusted partner, paying the legally required insurance and healthcare?<\/a>\n\t\t\t\t\t<\/div>\n\n\t\t\t\t\t<div id=\"elementor-tab-content-6187\" class=\"elementor-tab-content elementor-clearfix\" data-tab=\"7\" role=\"region\" aria-labelledby=\"elementor-tab-title-6187\"><p class=\"translation-block\">Yes, and we are part of Vastuu Group <span style=\"text-decoration: underline;color: #0e4b78\"><strong><span style=\"text-decoration: underline\"><a style=\"color: #0e4b78;text-decoration: underline\" href=\"https:\/\/www.vastuugroup.fi\/fi-fi\/palvelut\/luotettava-kumppani\" target=\"_blank\" rel=\"noopener\">Luotettava Kumppani<\/a><\/span><\/strong><\/span>, who follow and confirm regularly that these contracts are up to date, and that we are trustworthy.<\/p><\/div>\n\t\t\t\t<\/div>\n\t\t\t\t\t\t\t<div class=\"elementor-toggle-item\">\n\t\t\t\t\t<div id=\"elementor-tab-title-6188\" class=\"elementor-tab-title\" data-tab=\"8\" role=\"button\" aria-controls=\"elementor-tab-content-6188\" aria-expanded=\"false\">\n\t\t\t\t\t\t\t\t\t\t\t\t<span class=\"elementor-toggle-icon elementor-toggle-icon-left\" aria-hidden=\"true\">\n\t\t\t\t\t\t\t\t\t\t\t\t\t\t\t<span class=\"elementor-toggle-icon-closed\"><i class=\"fas fa-caret-right\"><\/i><\/span>\n\t\t\t\t\t\t\t\t<span class=\"elementor-toggle-icon-opened\"><i class=\"elementor-toggle-icon-opened fas fa-caret-up\"><\/i><\/span>\n\t\t\t\t\t\t\t\t\t\t\t\t\t<\/span>\n\t\t\t\t\t\t\t\t\t\t\t\t<a class=\"elementor-toggle-title\" tabindex=\"0\">Are you following the Finnish labor agreements?<\/a>\n\t\t\t\t\t<\/div>\n\n\t\t\t\t\t<div id=\"elementor-tab-content-6188\" class=\"elementor-tab-content elementor-clearfix\" data-tab=\"8\" role=\"region\" aria-labelledby=\"elementor-tab-title-6188\"><p>Yes, we are members of the Personnel Services Association <span style=\"text-decoration: underline; color: #0e4b78;\"><strong><span style=\"text-decoration: underline;\"><a style=\"color: #0e4b78; text-decoration: underline;\" href=\"https:\/\/henkilostoala.fi\/\" target=\"_blank\" rel=\"noopener\">HELA ry:n<\/a><\/span><\/strong><\/span> , and we follow different generally applicable collective labor agreements in Finland, depending on the end client we are currently serving.<\/p><\/div>\n\t\t\t\t<\/div>\n\t\t\t\t\t\t\t\t<\/div>\n\t\t\t\t\t\t<\/div>\n\t\t\t\t<\/div>\n\t\t\t\t\t<\/div>\n\t\t\t\t<\/div>\n\t\t<div class=\"elementor-element elementor-element-61bca8a e-con-full e-flex e-con e-parent\" data-id=\"61bca8a\" data-element_type=\"container\" data-e-type=\"container\" data-settings=\"{&quot;jet_parallax_layout_list&quot;:[]}\">\n\t\t\t\t<div class=\"elementor-element elementor-element-364fca6 elementor-widget elementor-widget-template\" data-id=\"364fca6\" data-element_type=\"widget\" data-e-type=\"widget\" data-widget_type=\"template.default\">\n\t\t\t\t<div class=\"elementor-widget-container\">\n\t\t\t\t\t\t\t<div class=\"elementor-template\">\n\t\t\t\t\t<div data-elementor-type=\"section\" data-elementor-id=\"675\" class=\"elementor elementor-675\" data-elementor-post-type=\"elementor_library\">\n\t\t\t<div class=\"elementor-element elementor-element-4a21d33 e-flex e-con-boxed e-con e-parent\" data-id=\"4a21d33\" data-element_type=\"container\" data-e-type=\"container\" data-settings=\"{&quot;jet_parallax_layout_list&quot;:[]}\">\n\t\t\t\t\t<div class=\"e-con-inner\">\n\t\t<a class=\"elementor-element elementor-element-08dd20e e-flex e-con-boxed e-con e-child\" data-id=\"08dd20e\" data-element_type=\"container\" data-e-type=\"container\" data-settings=\"{&quot;background_background&quot;:&quot;classic&quot;,&quot;jet_parallax_layout_list&quot;:[]}\" href=\"https:\/\/keystaff.fi\/en\/yrityksille\/\">\n\t\t\t\t\t<div class=\"e-con-inner\">\n\t\t\t\t<div class=\"elementor-element elementor-element-ef795bd elementor-widget elementor-widget-heading\" data-id=\"ef795bd\" data-element_type=\"widget\" data-e-type=\"widget\" data-widget_type=\"heading.default\">\n\t\t\t\t<div class=\"elementor-widget-container\">\n\t\t\t\t\t<h2 class=\"elementor-heading-title elementor-size-default\">Blog<\/h2>\t\t\t\t<\/div>\n\t\t\t\t<\/div>\n\t\t\t\t\t<\/div>\n\t\t\t\t<\/a>\n\t\t\t\t<div class=\"elementor-element elementor-element-be60b6a elementor-grid-tablet-1 elementor-grid-3 elementor-grid-mobile-1 elementor-posts--thumbnail-top elementor-posts--show-avatar elementor-card-shadow-yes elementor-posts__hover-gradient elementor-widget elementor-widget-posts\" data-id=\"be60b6a\" data-element_type=\"widget\" data-e-type=\"widget\" data-settings=\"{&quot;cards_columns_tablet&quot;:&quot;1&quot;,&quot;cards_columns&quot;:&quot;3&quot;,&quot;cards_columns_mobile&quot;:&quot;1&quot;,&quot;cards_row_gap&quot;:{&quot;unit&quot;:&quot;px&quot;,&quot;size&quot;:35,&quot;sizes&quot;:[]},&quot;cards_row_gap_laptop&quot;:{&quot;unit&quot;:&quot;px&quot;,&quot;size&quot;:&quot;&quot;,&quot;sizes&quot;:[]},&quot;cards_row_gap_tablet&quot;:{&quot;unit&quot;:&quot;px&quot;,&quot;size&quot;:&quot;&quot;,&quot;sizes&quot;:[]},&quot;cards_row_gap_mobile&quot;:{&quot;unit&quot;:&quot;px&quot;,&quot;size&quot;:&quot;&quot;,&quot;sizes&quot;:[]}}\" data-widget_type=\"posts.cards\">\n\t\t\t\t<div class=\"elementor-widget-container\">\n\t\t\t\t\t\t\t<div class=\"elementor-posts-container elementor-posts elementor-posts--skin-cards elementor-grid\" role=\"list\">\n\t\t\t\t<article class=\"elementor-post elementor-grid-item post-6611 post type-post status-publish format-standard has-post-thumbnail hentry category-tyoelama tag-faq tag-keikkatyo tag-keystaff tag-rekrytointi tag-tyonhaku\" role=\"listitem\">\n\t\t\t<div class=\"elementor-post__card\">\n\t\t\t\t<a class=\"elementor-post__thumbnail__link\" href=\"https:\/\/keystaff.fi\/en\/keikkatyo-faq-mahdollisuudet-haasteet-ja-ratkaisut\/\" tabindex=\"-1\"><div class=\"elementor-post__thumbnail\"><img fetchpriority=\"high\" decoding=\"async\" width=\"800\" height=\"720\" src=\"https:\/\/keystaff.fi\/wp-content\/uploads\/2025\/12\/Gemini_Generated_Image_j2m7m4j2m7m4j2m7.png\" class=\"attachment-large size-large wp-image-6502\" alt=\"\" srcset=\"https:\/\/keystaff.fi\/wp-content\/uploads\/2025\/12\/Gemini_Generated_Image_j2m7m4j2m7m4j2m7.png 1024w, https:\/\/keystaff.fi\/wp-content\/uploads\/2025\/12\/Gemini_Generated_Image_j2m7m4j2m7m4j2m7-300x270.png 300w, https:\/\/keystaff.fi\/wp-content\/uploads\/2025\/12\/Gemini_Generated_Image_j2m7m4j2m7m4j2m7-768x692.png 768w, https:\/\/keystaff.fi\/wp-content\/uploads\/2025\/12\/Gemini_Generated_Image_j2m7m4j2m7m4j2m7-13x12.png 13w\" sizes=\"(max-width: 800px) 100vw, 800px\" \/><\/div><\/a>\n\t\t\t\t<div class=\"elementor-post__badge\">Work life<\/div>\n\t\t\t\t<div class=\"elementor-post__avatar\">\n\t\t\t\t\t<\/div>\n\t\t\t\t<div class=\"elementor-post__text\">\n\t\t\t\t<h3 class=\"elementor-post__title\">\n\t\t\t<a href=\"https:\/\/keystaff.fi\/en\/keikkatyo-faq-mahdollisuudet-haasteet-ja-ratkaisut\/\">\n\t\t\t\tGig Work\u2013Opportunities, Challenges, and Solutions\t\t\t<\/a>\n\t\t<\/h3>\n\t\t\t\t<div class=\"elementor-post__excerpt\">\n\t\t\t<p>Keikkaty\u00f6 her\u00e4tt\u00e4\u00e4 paljon kysymyksi\u00e4 niin ty\u00f6ntekij\u00e4n kuin ty\u00f6nantajankin n\u00e4k\u00f6kulmasta. T\u00e4ss\u00e4 artikkelissa pureudumme yleisimpiin kysymyksiin, keikkaty\u00f6n tarjoamiin mahdollisuuksiin sek\u00e4 k\u00e4yt\u00e4nn\u00f6n ratkaisuihin haastavammissa tilanteissa. Mik\u00e4 on keikkaty\u00f6<\/p>\n\t\t<\/div>\n\t\t\t\t<\/div>\n\t\t\t\t<div class=\"elementor-post__meta-data\">\n\t\t\t\t\t<span class=\"elementor-post-date\">\n\t\t\t10\/02\/2026\t\t<\/span>\n\t\t\t\t<\/div>\n\t\t\t\t\t<\/div>\n\t\t<\/article>\n\t\t\t\t<article class=\"elementor-post elementor-grid-item post-6604 post type-post status-publish format-standard has-post-thumbnail hentry category-tyoelama tag-faq tag-henkilostonvuokraus tag-keystaff tag-rekrytointi\" role=\"listitem\">\n\t\t\t<div class=\"elementor-post__card\">\n\t\t\t\t<a class=\"elementor-post__thumbnail__link\" href=\"https:\/\/keystaff.fi\/en\/tyonantajan-faq-henkilostonvuokrausyrityksen-kaytto\/\" tabindex=\"-1\"><div class=\"elementor-post__thumbnail\"><img decoding=\"async\" width=\"800\" height=\"713\" src=\"https:\/\/keystaff.fi\/wp-content\/uploads\/2025\/12\/Gemini_Generated_Image_uoafojuoafojuoaf.png\" class=\"attachment-large size-large wp-image-6505\" alt=\"\" srcset=\"https:\/\/keystaff.fi\/wp-content\/uploads\/2025\/12\/Gemini_Generated_Image_uoafojuoafojuoaf.png 1024w, https:\/\/keystaff.fi\/wp-content\/uploads\/2025\/12\/Gemini_Generated_Image_uoafojuoafojuoaf-300x267.png 300w, https:\/\/keystaff.fi\/wp-content\/uploads\/2025\/12\/Gemini_Generated_Image_uoafojuoafojuoaf-768x684.png 768w, https:\/\/keystaff.fi\/wp-content\/uploads\/2025\/12\/Gemini_Generated_Image_uoafojuoafojuoaf-13x12.png 13w\" sizes=\"(max-width: 800px) 100vw, 800px\" \/><\/div><\/a>\n\t\t\t\t<div class=\"elementor-post__badge\">Work life<\/div>\n\t\t\t\t<div class=\"elementor-post__avatar\">\n\t\t\t\t\t<\/div>\n\t\t\t\t<div class=\"elementor-post__text\">\n\t\t\t\t<h3 class=\"elementor-post__title\">\n\t\t\t<a href=\"https:\/\/keystaff.fi\/en\/tyonantajan-faq-henkilostonvuokrausyrityksen-kaytto\/\">\n\t\t\t\tEmployer FAQ \u2013 The Most Frequently Asked Questions About Using a Staffing Agency\t\t\t<\/a>\n\t\t<\/h3>\n\t\t\t\t<div class=\"elementor-post__excerpt\">\n\t\t\t<p>Henkil\u00f6st\u00f6vuokrausyrityksen ja vuokraty\u00f6n k\u00e4yt\u00e4nn\u00f6t ja mahdollisuudet voivat mietitytt\u00e4\u00e4 monia yrityksi\u00e4. T\u00e4h\u00e4n artikkeliin on koottu vuokraty\u00f6h\u00f6n yleisimmin liittyvi\u00e4 kysymyksi\u00e4 sek\u00e4 vastaukset niihin ty\u00f6nantajan n\u00e4k\u00f6kulmasta. Mit\u00e4 henkil\u00f6st\u00f6vuokraus<\/p>\n\t\t<\/div>\n\t\t\t\t<\/div>\n\t\t\t\t<div class=\"elementor-post__meta-data\">\n\t\t\t\t\t<span class=\"elementor-post-date\">\n\t\t\t03\/02\/2026\t\t<\/span>\n\t\t\t\t<\/div>\n\t\t\t\t\t<\/div>\n\t\t<\/article>\n\t\t\t\t<article class=\"elementor-post elementor-grid-item post-6581 post type-post status-publish format-standard has-post-thumbnail hentry category-tyoelama tag-keystaff tag-rekrytointi tag-tyollisyys\" role=\"listitem\">\n\t\t\t<div class=\"elementor-post__card\">\n\t\t\t\t<a class=\"elementor-post__thumbnail__link\" href=\"https:\/\/keystaff.fi\/en\/tyovoiman-saatavuus-kriisitilanteissa-miten-reagoida\/\" tabindex=\"-1\"><div class=\"elementor-post__thumbnail\"><img decoding=\"async\" width=\"800\" height=\"491\" src=\"https:\/\/keystaff.fi\/wp-content\/uploads\/2025\/12\/Gemini_Generated_Image_7u0jcv7u0jcv7u0j-1024x629.png\" class=\"attachment-large size-large wp-image-6507\" alt=\"\" srcset=\"https:\/\/keystaff.fi\/wp-content\/uploads\/2025\/12\/Gemini_Generated_Image_7u0jcv7u0jcv7u0j-1024x629.png 1024w, https:\/\/keystaff.fi\/wp-content\/uploads\/2025\/12\/Gemini_Generated_Image_7u0jcv7u0jcv7u0j-300x184.png 300w, https:\/\/keystaff.fi\/wp-content\/uploads\/2025\/12\/Gemini_Generated_Image_7u0jcv7u0jcv7u0j-768x472.png 768w, https:\/\/keystaff.fi\/wp-content\/uploads\/2025\/12\/Gemini_Generated_Image_7u0jcv7u0jcv7u0j-18x12.png 18w, https:\/\/keystaff.fi\/wp-content\/uploads\/2025\/12\/Gemini_Generated_Image_7u0jcv7u0jcv7u0j.png 1250w\" sizes=\"(max-width: 800px) 100vw, 800px\" \/><\/div><\/a>\n\t\t\t\t<div class=\"elementor-post__badge\">Work life<\/div>\n\t\t\t\t<div class=\"elementor-post__avatar\">\n\t\t\t\t\t<\/div>\n\t\t\t\t<div class=\"elementor-post__text\">\n\t\t\t\t<h3 class=\"elementor-post__title\">\n\t\t\t<a href=\"https:\/\/keystaff.fi\/en\/tyovoiman-saatavuus-kriisitilanteissa-miten-reagoida\/\">\n\t\t\t\tWorkforce Availability in Crisis \u2013 How can companies respond quickly and sustainably?\t\t\t<\/a>\n\t\t<\/h3>\n\t\t\t\t<div class=\"elementor-post__excerpt\">\n\t\t\t<p>Kun kriisi yll\u00e4tt\u00e4\u00e4 \u2013 oli kyseess\u00e4 pandemia, luonnonkatastrofi tai \u00e4killinen markkinamuutos \u2013 nopea ja tehokas ty\u00f6voiman saatavuus voi olla ratkaiseva tekij\u00e4 yrityksesi toiminnan jatkuvuudelle. Oletko<\/p>\n\t\t<\/div>\n\t\t\t\t<\/div>\n\t\t\t\t<div class=\"elementor-post__meta-data\">\n\t\t\t\t\t<span class=\"elementor-post-date\">\n\t\t\t27\/01\/2026\t\t<\/span>\n\t\t\t\t<\/div>\n\t\t\t\t\t<\/div>\n\t\t<\/article>\n\t\t\t\t<\/div>\n\t\t\n\t\t\t\t\t\t<\/div>\n\t\t\t\t<\/div>\n\t\t\t\t<div class=\"elementor-element elementor-element-393e0c6 elementor-mobile-align-justify elementor-align-right elementor-tablet-align-center elementor-widget elementor-widget-button\" data-id=\"393e0c6\" data-element_type=\"widget\" data-e-type=\"widget\" data-widget_type=\"button.default\">\n\t\t\t\t<div class=\"elementor-widget-container\">\n\t\t\t\t\t\t\t\t\t<div class=\"elementor-button-wrapper\">\n\t\t\t\t\t<a class=\"elementor-button elementor-button-link elementor-size-lg\" href=\"https:\/\/keystaff.fi\/en\/blogit\/\">\n\t\t\t\t\t\t<span class=\"elementor-button-content-wrapper\">\n\t\t\t\t\t\t\t\t\t<span class=\"elementor-button-text\">All blogs<\/span>\n\t\t\t\t\t<\/span>\n\t\t\t\t\t<\/a>\n\t\t\t\t<\/div>\n\t\t\t\t\t\t\t\t<\/div>\n\t\t\t\t<\/div>\n\t\t\t\t\t<\/div>\n\t\t\t\t<\/div>\n\t\t\t\t<\/div>\n\t\t\t\t<\/div>\n\t\t\t\t\t\t<\/div>\n\t\t\t\t<\/div>\n\t\t\t\t<\/div>\n\t\t\t\t<\/div>","protected":false},"excerpt":{"rendered":"<p>FAQ Usein kysytyt kysymykset Voinko saada oleskeluluvan Suomeen KeyStaff Oy:n kautta? Voit seurata avoimia ty\u00f6paikkoja, joita KeyStaff tarjoaa, ottamalla yhteytt\u00e4 meihin osoitteessa: tyopaikat.keystaff.fi\u00a0ja l\u00e4hett\u00e4m\u00e4ll\u00e4 meille CV:si ja kertomalla p\u00e4tevyydest\u00e4si. Jos p\u00e4tevyytesi vastaavat avoimia ty\u00f6mahdollisuuksiamme, rekrytoijamme ottavat sinuun yhteytt\u00e4 keskustellakseen ty\u00f6n mahdollisuudesta. Lopulta, mik\u00e4li l\u00e4p\u00e4iset my\u00f6s loppuasiakkaamme rekrytointiprosessin vaiheet, saatamme tarjota sinulle ty\u00f6sopimuksen ja auttaa ty\u00f6lupahakemuksen [&hellip;]<\/p>\n","protected":false},"author":3,"featured_media":0,"parent":0,"menu_order":0,"comment_status":"closed","ping_status":"closed","template":"","meta":{"iawp_total_views":356,"footnotes":""},"class_list":["post-1351","page","type-page","status-publish","hentry"],"_links":{"self":[{"href":"https:\/\/keystaff.fi\/en\/wp-json\/wp\/v2\/pages\/1351","targetHints":{"allow":["GET"]}}],"collection":[{"href":"https:\/\/keystaff.fi\/en\/wp-json\/wp\/v2\/pages"}],"about":[{"href":"https:\/\/keystaff.fi\/en\/wp-json\/wp\/v2\/types\/page"}],"author":[{"embeddable":true,"href":"https:\/\/keystaff.fi\/en\/wp-json\/wp\/v2\/users\/3"}],"replies":[{"embeddable":true,"href":"https:\/\/keystaff.fi\/en\/wp-json\/wp\/v2\/comments?post=1351"}],"version-history":[{"count":0,"href":"https:\/\/keystaff.fi\/en\/wp-json\/wp\/v2\/pages\/1351\/revisions"}],"wp:attachment":[{"href":"https:\/\/keystaff.fi\/en\/wp-json\/wp\/v2\/media?parent=1351"}],"curies":[{"name":"wp","href":"https:\/\/api.w.org\/{rel}","templated":true}]}}