{"id":5305,"date":"2023-08-25T15:25:00","date_gmt":"2023-08-25T12:25:00","guid":{"rendered":"https:\/\/keystaff.fi\/?page_id=5305"},"modified":"2026-04-13T09:47:21","modified_gmt":"2026-04-13T06:47:21","slug":"privacy-policy","status":"publish","type":"page","link":"https:\/\/keystaff.fi\/en\/privacy-policy\/","title":{"rendered":"Privacy Policy"},"content":{"rendered":"<div data-elementor-type=\"wp-page\" data-elementor-id=\"5305\" class=\"elementor elementor-5305\" data-elementor-post-type=\"page\">\n\t\t\t\t<div class=\"elementor-element elementor-element-c9771f5 e-flex e-con-boxed e-con e-parent\" data-id=\"c9771f5\" data-element_type=\"container\" data-e-type=\"container\" data-settings=\"{&quot;background_background&quot;:&quot;classic&quot;,&quot;jet_parallax_layout_list&quot;:[]}\">\n\t\t\t\t\t<div class=\"e-con-inner\">\n\t\t\t\t<div class=\"elementor-element elementor-element-ee7af46 elementor-widget elementor-widget-heading\" data-id=\"ee7af46\" data-element_type=\"widget\" data-e-type=\"widget\" data-widget_type=\"heading.default\">\n\t\t\t\t<div class=\"elementor-widget-container\">\n\t\t\t\t\t<h1 class=\"elementor-heading-title elementor-size-default\">PRIVACY POLICY<\/h1>\t\t\t\t<\/div>\n\t\t\t\t<\/div>\n\t\t\t\t\t<\/div>\n\t\t\t\t<\/div>\n\t\t<div class=\"elementor-element elementor-element-3d6fb59 e-flex e-con-boxed e-con e-parent\" data-id=\"3d6fb59\" data-element_type=\"container\" data-e-type=\"container\" data-settings=\"{&quot;jet_parallax_layout_list&quot;:[]}\" data-no-translation=\"\">\n\t\t\t\t\t<div class=\"e-con-inner\">\n\t\t<div class=\"elementor-element elementor-element-c4fe482 e-con-full e-flex e-con e-child\" data-id=\"c4fe482\" data-element_type=\"container\" data-e-type=\"container\" data-settings=\"{&quot;jet_parallax_layout_list&quot;:[]}\">\n\t\t\t\t<div class=\"elementor-element elementor-element-ab39cce elementor-mobile-align-justify elementor-align-justify elementor-widget elementor-widget-button\" data-id=\"ab39cce\" data-element_type=\"widget\" data-e-type=\"widget\" data-widget_type=\"button.default\">\n\t\t\t\t<div class=\"elementor-widget-container\">\n\t\t\t\t\t\t\t\t\t<div class=\"elementor-button-wrapper\">\n\t\t\t\t\t<a class=\"elementor-button elementor-button-link elementor-size-lg\" href=\"https:\/\/keystaff.fi\/wp-content\/uploads\/2024\/09\/Privacy-Policy-Clients_KeyStaff.pdf\" target=\"_blank\">\n\t\t\t\t\t\t<span class=\"elementor-button-content-wrapper\">\n\t\t\t\t\t\t\t\t\t<span class=\"elementor-button-text\">Client Register<\/span>\n\t\t\t\t\t<\/span>\n\t\t\t\t\t<\/a>\n\t\t\t\t<\/div>\n\t\t\t\t\t\t\t\t<\/div>\n\t\t\t\t<\/div>\n\t\t\t\t<div class=\"elementor-element elementor-element-cfcc22f elementor-mobile-align-justify elementor-align-justify elementor-widget elementor-widget-button\" data-id=\"cfcc22f\" data-element_type=\"widget\" data-e-type=\"widget\" data-widget_type=\"button.default\">\n\t\t\t\t<div class=\"elementor-widget-container\">\n\t\t\t\t\t\t\t\t\t<div class=\"elementor-button-wrapper\">\n\t\t\t\t\t<a class=\"elementor-button elementor-button-link elementor-size-lg\" href=\"https:\/\/keystaff.fi\/wp-content\/uploads\/2024\/09\/Privacy-Policy-Employees-and-job-applicants_KeyStaff.pdf\" target=\"_blank\">\n\t\t\t\t\t\t<span class=\"elementor-button-content-wrapper\">\n\t\t\t\t\t\t\t\t\t<span class=\"elementor-button-text\">Employees &amp; Job Applicant Register<\/span>\n\t\t\t\t\t<\/span>\n\t\t\t\t\t<\/a>\n\t\t\t\t<\/div>\n\t\t\t\t\t\t\t\t<\/div>\n\t\t\t\t<\/div>\n\t\t\t\t<div class=\"elementor-element elementor-element-c031277 elementor-mobile-align-justify elementor-align-justify elementor-widget elementor-widget-button\" data-id=\"c031277\" data-element_type=\"widget\" data-e-type=\"widget\" data-widget_type=\"button.default\">\n\t\t\t\t<div class=\"elementor-widget-container\">\n\t\t\t\t\t\t\t\t\t<div class=\"elementor-button-wrapper\">\n\t\t\t\t\t<a class=\"elementor-button elementor-button-link elementor-size-lg\" href=\"https:\/\/oma.easygdpr.fi\/privacy_policies\/54c17f21-72c8-431e-a697-fd8ff591c76e\/public\/\" target=\"_blank\" rel=\"noopener\">\n\t\t\t\t\t\t<span class=\"elementor-button-content-wrapper\">\n\t\t\t\t\t\t\t\t\t<span class=\"elementor-button-text\">Website Visitors<\/span>\n\t\t\t\t\t<\/span>\n\t\t\t\t\t<\/a>\n\t\t\t\t<\/div>\n\t\t\t\t\t\t\t\t<\/div>\n\t\t\t\t<\/div>\n\t\t\t\t<\/div>\n\t\t\t\t\t<\/div>\n\t\t\t\t<\/div>\n\t\t\t\t<\/div>","protected":false},"excerpt":{"rendered":"<p>TIETOSUOJAK\u00c4YT\u00c4NT\u00d6 Tietosuojaseloste on\u00a0 tietosuojalain edellytt\u00e4m\u00e4 informointiasiakirja. Jokaisella on oikeus tiet\u00e4\u00e4, mit\u00e4 tietoja h\u00e4nest\u00e4 on tallennettu eri rekistereihin. Tietojen tarkastusoikeudesta, tarkastusoikeuden toteuttamisesta ja tietojen korjaamisesta on s\u00e4\u00e4detty EU:n yleisell\u00e4 tietosuoja-asetuksella (2016\/679). Keystaff Oy:n k\u00e4yt\u00f6ss\u00e4\u00e4n olevat asiakas- ja kumppanuustietoja sis\u00e4lt\u00e4vien henkil\u00f6rekisterien tietosuojaselosteet ovat k\u00e4ytt\u00f6tarkoituksen mukaisesti jaoteltu eri henkil\u00f6rekistereihin. Asiakasrekisteri B2B Laskutusrekisteri Prospektit ja potentiaaliset asiakkaat Henkil\u00f6st\u00f6rekisteri Rekrytointirekisteri\u00a0 [&hellip;]<\/p>\n","protected":false},"author":3,"featured_media":0,"parent":0,"menu_order":0,"comment_status":"closed","ping_status":"closed","template":"","meta":{"iawp_total_views":212,"footnotes":""},"class_list":["post-5305","page","type-page","status-publish","hentry"],"_links":{"self":[{"href":"https:\/\/keystaff.fi\/en\/wp-json\/wp\/v2\/pages\/5305","targetHints":{"allow":["GET"]}}],"collection":[{"href":"https:\/\/keystaff.fi\/en\/wp-json\/wp\/v2\/pages"}],"about":[{"href":"https:\/\/keystaff.fi\/en\/wp-json\/wp\/v2\/types\/page"}],"author":[{"embeddable":true,"href":"https:\/\/keystaff.fi\/en\/wp-json\/wp\/v2\/users\/3"}],"replies":[{"embeddable":true,"href":"https:\/\/keystaff.fi\/en\/wp-json\/wp\/v2\/comments?post=5305"}],"version-history":[{"count":3,"href":"https:\/\/keystaff.fi\/en\/wp-json\/wp\/v2\/pages\/5305\/revisions"}],"predecessor-version":[{"id":6635,"href":"https:\/\/keystaff.fi\/en\/wp-json\/wp\/v2\/pages\/5305\/revisions\/6635"}],"wp:attachment":[{"href":"https:\/\/keystaff.fi\/en\/wp-json\/wp\/v2\/media?parent=5305"}],"curies":[{"name":"wp","href":"https:\/\/api.w.org\/{rel}","templated":true}]}}