{"id":670,"date":"2023-07-20T22:07:04","date_gmt":"2023-07-20T19:07:04","guid":{"rendered":"https:\/\/keystaff.fi\/?page_id=670"},"modified":"2023-08-31T15:03:39","modified_gmt":"2023-08-31T12:03:39","slug":"blogit","status":"publish","type":"page","link":"https:\/\/keystaff.fi\/en\/blogit\/","title":{"rendered":"Blogit"},"content":{"rendered":"<div data-elementor-type=\"wp-page\" data-elementor-id=\"670\" class=\"elementor elementor-670\" data-elementor-post-type=\"page\">\n\t\t\t\t<div class=\"elementor-element elementor-element-e0fc98f e-con-full e-flex e-con e-parent\" data-id=\"e0fc98f\" data-element_type=\"container\" data-e-type=\"container\" data-settings=\"{&quot;jet_parallax_layout_list&quot;:[]}\">\n\t\t\t\t<div class=\"elementor-element elementor-element-81afa48 elementor-widget elementor-widget-template\" data-id=\"81afa48\" data-element_type=\"widget\" data-e-type=\"widget\" data-widget_type=\"template.default\">\n\t\t\t\t<div class=\"elementor-widget-container\">\n\t\t\t\t\t\t\t<div class=\"elementor-template\">\n\t\t\t\t\t<div data-elementor-type=\"container\" data-elementor-id=\"3775\" class=\"elementor elementor-3775\" data-elementor-post-type=\"elementor_library\">\n\t\t\t\t<div class=\"elementor-element elementor-element-63296133 e-flex e-con-boxed e-con e-parent\" data-id=\"63296133\" data-element_type=\"container\" data-e-type=\"container\" data-settings=\"{&quot;background_background&quot;:&quot;classic&quot;,&quot;jet_parallax_layout_list&quot;:[]}\">\n\t\t\t\t\t<div class=\"e-con-inner\">\n\t\t<div class=\"elementor-element elementor-element-26d39dfe e-con-full e-flex e-con e-child\" data-id=\"26d39dfe\" data-element_type=\"container\" data-e-type=\"container\" data-settings=\"{&quot;jet_parallax_layout_list&quot;:[]}\">\n\t\t\t\t<div class=\"elementor-element elementor-element-5300042e elementor-widget elementor-widget-heading\" data-id=\"5300042e\" data-element_type=\"widget\" data-e-type=\"widget\" data-widget_type=\"heading.default\">\n\t\t\t\t<div class=\"elementor-widget-container\">\n\t\t\t\t\t<h2 class=\"elementor-heading-title elementor-size-default\">Stay updated on job opportunities<\/h2>\t\t\t\t<\/div>\n\t\t\t\t<\/div>\n\t\t\t\t<div class=\"elementor-element elementor-element-19f703a2 elementor-widget__width-initial elementor-widget elementor-widget-heading\" data-id=\"19f703a2\" data-element_type=\"widget\" data-e-type=\"widget\" data-widget_type=\"heading.default\">\n\t\t\t\t<div class=\"elementor-widget-container\">\n\t\t\t\t\t<h3 class=\"elementor-heading-title elementor-size-default\">be among the first to hear about available job openings in your field of work!<\/h3>\t\t\t\t<\/div>\n\t\t\t\t<\/div>\n\t\t\t\t<div class=\"elementor-element elementor-element-487cff48 elementor-mobile-align-justify elementor-widget elementor-widget-button\" data-id=\"487cff48\" data-element_type=\"widget\" data-e-type=\"widget\" data-widget_type=\"button.default\">\n\t\t\t\t<div class=\"elementor-widget-container\">\n\t\t\t\t\t<style>.elementor-element-487cff48{display:none !important}<\/style>\t\t\t\t<\/div>\n\t\t\t\t<\/div>\n\t\t\t\t<div class=\"elementor-element elementor-element-aad2a89 elementor-mobile-align-justify elementor-widget elementor-widget-button\" data-id=\"aad2a89\" data-element_type=\"widget\" data-e-type=\"widget\" data-widget_type=\"button.default\">\n\t\t\t\t<div class=\"elementor-widget-container\">\n\t\t\t\t\t\t\t\t\t<div class=\"elementor-button-wrapper\">\n\t\t\t\t\t<a class=\"elementor-button elementor-button-link elementor-size-lg\" href=\"https:\/\/ura.keystaff.fi\/en-GB\/connect\" target=\"_blank\">\n\t\t\t\t\t\t<span class=\"elementor-button-content-wrapper\">\n\t\t\t\t\t\t\t\t\t<span class=\"elementor-button-text\">Connect<\/span>\n\t\t\t\t\t<\/span>\n\t\t\t\t\t<\/a>\n\t\t\t\t<\/div>\n\t\t\t\t\t\t\t\t<\/div>\n\t\t\t\t<\/div>\n\t\t\t\t<\/div>\n\t\t\t\t\t<\/div>\n\t\t\t\t<\/div>\n\t\t\t\t<\/div>\n\t\t\t\t<\/div>\n\t\t\t\t\t\t<\/div>\n\t\t\t\t<\/div>\n\t\t\t\t<\/div>\n\t\t<div class=\"elementor-element elementor-element-e9f09bd e-flex e-con-boxed e-con e-parent\" data-id=\"e9f09bd\" data-element_type=\"container\" data-e-type=\"container\" data-settings=\"{&quot;jet_parallax_layout_list&quot;:[]}\">\n\t\t\t\t\t<div class=\"e-con-inner\">\n\t\t<div class=\"elementor-element elementor-element-a4b6b71 e-flex e-con-boxed e-con e-child\" data-id=\"a4b6b71\" data-element_type=\"container\" data-e-type=\"container\" data-settings=\"{&quot;background_background&quot;:&quot;classic&quot;,&quot;jet_parallax_layout_list&quot;:[]}\">\n\t\t\t\t\t<div class=\"e-con-inner\">\n\t\t\t\t<div class=\"elementor-element elementor-element-4c63dee elementor-widget elementor-widget-sitemap\" data-id=\"4c63dee\" data-element_type=\"widget\" data-e-type=\"widget\" data-widget_type=\"sitemap.default\">\n\t\t\t\t<div class=\"elementor-widget-container\">\n\t\t\t\t\t<div class=\"elementor-sitemap-wrap\"><div class=\"elementor-sitemap-section\"><h2 class=\"elementor-sitemap-title elementor-sitemap-category-title\">Kategoriat<\/h2><ul class=\"elementor-sitemap-list elementor-sitemap-category-list\">\t<li class=\"elementor-sitemap-item elementor-sitemap-item-category cat-item cat-item-69\"><a href=\"https:\/\/keystaff.fi\/en\/category\/uutiset\/\">Uutiset<\/a>\n<\/li>\n\t<li class=\"elementor-sitemap-item elementor-sitemap-item-category cat-item cat-item-10\"><a href=\"https:\/\/keystaff.fi\/en\/category\/tyontekijakokemus\/\">Employee experience<\/a>\n<\/li>\n\t<li class=\"elementor-sitemap-item elementor-sitemap-item-category cat-item cat-item-11\"><a href=\"https:\/\/keystaff.fi\/en\/category\/tyonhaku\/\">Job search<\/a>\n<\/li>\n\t<li class=\"elementor-sitemap-item elementor-sitemap-item-category cat-item cat-item-13\"><a href=\"https:\/\/keystaff.fi\/en\/category\/tyoelama\/\">Work life<\/a>\n<\/li>\n<\/ul><\/div><\/div>\t\t\t\t<\/div>\n\t\t\t\t<\/div>\n\t\t\t\t\t<\/div>\n\t\t\t\t<\/div>\n\t\t\t\t<div class=\"elementor-element elementor-element-019624a elementor-grid-3 elementor-grid-tablet-2 elementor-grid-mobile-1 elementor-posts--thumbnail-top elementor-posts--show-avatar elementor-card-shadow-yes elementor-posts__hover-gradient elementor-widget elementor-widget-posts\" data-id=\"019624a\" data-element_type=\"widget\" data-e-type=\"widget\" data-settings=\"{&quot;pagination_type&quot;:&quot;numbers&quot;,&quot;cards_row_gap_mobile&quot;:{&quot;unit&quot;:&quot;px&quot;,&quot;size&quot;:0,&quot;sizes&quot;:[]},&quot;cards_columns&quot;:&quot;3&quot;,&quot;cards_columns_tablet&quot;:&quot;2&quot;,&quot;cards_columns_mobile&quot;:&quot;1&quot;,&quot;cards_row_gap&quot;:{&quot;unit&quot;:&quot;px&quot;,&quot;size&quot;:35,&quot;sizes&quot;:[]},&quot;cards_row_gap_laptop&quot;:{&quot;unit&quot;:&quot;px&quot;,&quot;size&quot;:&quot;&quot;,&quot;sizes&quot;:[]},&quot;cards_row_gap_tablet&quot;:{&quot;unit&quot;:&quot;px&quot;,&quot;size&quot;:&quot;&quot;,&quot;sizes&quot;:[]}}\" data-widget_type=\"posts.cards\">\n\t\t\t\t<div class=\"elementor-widget-container\">\n\t\t\t\t\t\t\t<div class=\"elementor-posts-container elementor-posts elementor-posts--skin-cards elementor-grid\" role=\"list\">\n\t\t\t\t<article class=\"elementor-post elementor-grid-item post-6611 post type-post status-publish format-standard has-post-thumbnail hentry category-tyoelama tag-faq tag-keikkatyo tag-keystaff tag-rekrytointi tag-tyonhaku\" role=\"listitem\">\n\t\t\t<div class=\"elementor-post__card\">\n\t\t\t\t<a class=\"elementor-post__thumbnail__link\" href=\"https:\/\/keystaff.fi\/en\/keikkatyo-faq-mahdollisuudet-haasteet-ja-ratkaisut\/\" tabindex=\"-1\"><div class=\"elementor-post__thumbnail\"><img fetchpriority=\"high\" decoding=\"async\" width=\"800\" height=\"720\" src=\"https:\/\/keystaff.fi\/wp-content\/uploads\/2025\/12\/Gemini_Generated_Image_j2m7m4j2m7m4j2m7.png\" class=\"attachment-large size-large wp-image-6502\" alt=\"\" srcset=\"https:\/\/keystaff.fi\/wp-content\/uploads\/2025\/12\/Gemini_Generated_Image_j2m7m4j2m7m4j2m7.png 1024w, https:\/\/keystaff.fi\/wp-content\/uploads\/2025\/12\/Gemini_Generated_Image_j2m7m4j2m7m4j2m7-300x270.png 300w, https:\/\/keystaff.fi\/wp-content\/uploads\/2025\/12\/Gemini_Generated_Image_j2m7m4j2m7m4j2m7-768x692.png 768w, https:\/\/keystaff.fi\/wp-content\/uploads\/2025\/12\/Gemini_Generated_Image_j2m7m4j2m7m4j2m7-13x12.png 13w\" sizes=\"(max-width: 800px) 100vw, 800px\" \/><\/div><\/a>\n\t\t\t\t<div class=\"elementor-post__badge\">Work life<\/div>\n\t\t\t\t<div class=\"elementor-post__avatar\">\n\t\t\t\t\t<\/div>\n\t\t\t\t<div class=\"elementor-post__text\">\n\t\t\t\t<h3 class=\"elementor-post__title\">\n\t\t\t<a href=\"https:\/\/keystaff.fi\/en\/keikkatyo-faq-mahdollisuudet-haasteet-ja-ratkaisut\/\">\n\t\t\t\tGig Work\u2013Opportunities, Challenges, and Solutions\t\t\t<\/a>\n\t\t<\/h3>\n\t\t\t\t<div class=\"elementor-post__excerpt\">\n\t\t\t<p>Keikkaty\u00f6 her\u00e4tt\u00e4\u00e4 paljon kysymyksi\u00e4 niin ty\u00f6ntekij\u00e4n kuin ty\u00f6nantajankin n\u00e4k\u00f6kulmasta. T\u00e4ss\u00e4 artikkelissa pureudumme yleisimpiin kysymyksiin, keikkaty\u00f6n tarjoamiin mahdollisuuksiin sek\u00e4 k\u00e4yt\u00e4nn\u00f6n ratkaisuihin haastavammissa tilanteissa. Mik\u00e4 on keikkaty\u00f6<\/p>\n\t\t<\/div>\n\t\t\t\t<\/div>\n\t\t\t\t<div class=\"elementor-post__meta-data\">\n\t\t\t\t\t<span class=\"elementor-post-date\">\n\t\t\t10\/02\/2026\t\t<\/span>\n\t\t\t\t<\/div>\n\t\t\t\t\t<\/div>\n\t\t<\/article>\n\t\t\t\t<article class=\"elementor-post elementor-grid-item post-6604 post type-post status-publish format-standard has-post-thumbnail hentry category-tyoelama tag-faq tag-henkilostonvuokraus tag-keystaff tag-rekrytointi\" role=\"listitem\">\n\t\t\t<div class=\"elementor-post__card\">\n\t\t\t\t<a class=\"elementor-post__thumbnail__link\" href=\"https:\/\/keystaff.fi\/en\/tyonantajan-faq-henkilostonvuokrausyrityksen-kaytto\/\" tabindex=\"-1\"><div class=\"elementor-post__thumbnail\"><img decoding=\"async\" width=\"800\" height=\"713\" src=\"https:\/\/keystaff.fi\/wp-content\/uploads\/2025\/12\/Gemini_Generated_Image_uoafojuoafojuoaf.png\" class=\"attachment-large size-large wp-image-6505\" alt=\"\" srcset=\"https:\/\/keystaff.fi\/wp-content\/uploads\/2025\/12\/Gemini_Generated_Image_uoafojuoafojuoaf.png 1024w, https:\/\/keystaff.fi\/wp-content\/uploads\/2025\/12\/Gemini_Generated_Image_uoafojuoafojuoaf-300x267.png 300w, https:\/\/keystaff.fi\/wp-content\/uploads\/2025\/12\/Gemini_Generated_Image_uoafojuoafojuoaf-768x684.png 768w, https:\/\/keystaff.fi\/wp-content\/uploads\/2025\/12\/Gemini_Generated_Image_uoafojuoafojuoaf-13x12.png 13w\" sizes=\"(max-width: 800px) 100vw, 800px\" \/><\/div><\/a>\n\t\t\t\t<div class=\"elementor-post__badge\">Work life<\/div>\n\t\t\t\t<div class=\"elementor-post__avatar\">\n\t\t\t\t\t<\/div>\n\t\t\t\t<div class=\"elementor-post__text\">\n\t\t\t\t<h3 class=\"elementor-post__title\">\n\t\t\t<a href=\"https:\/\/keystaff.fi\/en\/tyonantajan-faq-henkilostonvuokrausyrityksen-kaytto\/\">\n\t\t\t\tEmployer FAQ \u2013 The Most Frequently Asked Questions About Using a Staffing Agency\t\t\t<\/a>\n\t\t<\/h3>\n\t\t\t\t<div class=\"elementor-post__excerpt\">\n\t\t\t<p>Henkil\u00f6st\u00f6vuokrausyrityksen ja vuokraty\u00f6n k\u00e4yt\u00e4nn\u00f6t ja mahdollisuudet voivat mietitytt\u00e4\u00e4 monia yrityksi\u00e4. T\u00e4h\u00e4n artikkeliin on koottu vuokraty\u00f6h\u00f6n yleisimmin liittyvi\u00e4 kysymyksi\u00e4 sek\u00e4 vastaukset niihin ty\u00f6nantajan n\u00e4k\u00f6kulmasta. Mit\u00e4 henkil\u00f6st\u00f6vuokraus<\/p>\n\t\t<\/div>\n\t\t\t\t<\/div>\n\t\t\t\t<div class=\"elementor-post__meta-data\">\n\t\t\t\t\t<span class=\"elementor-post-date\">\n\t\t\t03\/02\/2026\t\t<\/span>\n\t\t\t\t<\/div>\n\t\t\t\t\t<\/div>\n\t\t<\/article>\n\t\t\t\t<article class=\"elementor-post elementor-grid-item post-6581 post type-post status-publish format-standard has-post-thumbnail hentry category-tyoelama tag-keystaff tag-rekrytointi tag-tyollisyys\" role=\"listitem\">\n\t\t\t<div class=\"elementor-post__card\">\n\t\t\t\t<a class=\"elementor-post__thumbnail__link\" href=\"https:\/\/keystaff.fi\/en\/tyovoiman-saatavuus-kriisitilanteissa-miten-reagoida\/\" tabindex=\"-1\"><div class=\"elementor-post__thumbnail\"><img decoding=\"async\" width=\"800\" height=\"491\" src=\"https:\/\/keystaff.fi\/wp-content\/uploads\/2025\/12\/Gemini_Generated_Image_7u0jcv7u0jcv7u0j-1024x629.png\" class=\"attachment-large size-large wp-image-6507\" alt=\"\" srcset=\"https:\/\/keystaff.fi\/wp-content\/uploads\/2025\/12\/Gemini_Generated_Image_7u0jcv7u0jcv7u0j-1024x629.png 1024w, https:\/\/keystaff.fi\/wp-content\/uploads\/2025\/12\/Gemini_Generated_Image_7u0jcv7u0jcv7u0j-300x184.png 300w, https:\/\/keystaff.fi\/wp-content\/uploads\/2025\/12\/Gemini_Generated_Image_7u0jcv7u0jcv7u0j-768x472.png 768w, https:\/\/keystaff.fi\/wp-content\/uploads\/2025\/12\/Gemini_Generated_Image_7u0jcv7u0jcv7u0j-18x12.png 18w, https:\/\/keystaff.fi\/wp-content\/uploads\/2025\/12\/Gemini_Generated_Image_7u0jcv7u0jcv7u0j.png 1250w\" sizes=\"(max-width: 800px) 100vw, 800px\" \/><\/div><\/a>\n\t\t\t\t<div class=\"elementor-post__badge\">Work life<\/div>\n\t\t\t\t<div class=\"elementor-post__avatar\">\n\t\t\t\t\t<\/div>\n\t\t\t\t<div class=\"elementor-post__text\">\n\t\t\t\t<h3 class=\"elementor-post__title\">\n\t\t\t<a href=\"https:\/\/keystaff.fi\/en\/tyovoiman-saatavuus-kriisitilanteissa-miten-reagoida\/\">\n\t\t\t\tWorkforce Availability in Crisis \u2013 How can companies respond quickly and sustainably?\t\t\t<\/a>\n\t\t<\/h3>\n\t\t\t\t<div class=\"elementor-post__excerpt\">\n\t\t\t<p>Kun kriisi yll\u00e4tt\u00e4\u00e4 \u2013 oli kyseess\u00e4 pandemia, luonnonkatastrofi tai \u00e4killinen markkinamuutos \u2013 nopea ja tehokas ty\u00f6voiman saatavuus voi olla ratkaiseva tekij\u00e4 yrityksesi toiminnan jatkuvuudelle. Oletko<\/p>\n\t\t<\/div>\n\t\t\t\t<\/div>\n\t\t\t\t<div class=\"elementor-post__meta-data\">\n\t\t\t\t\t<span class=\"elementor-post-date\">\n\t\t\t27\/01\/2026\t\t<\/span>\n\t\t\t\t<\/div>\n\t\t\t\t\t<\/div>\n\t\t<\/article>\n\t\t\t\t<article class=\"elementor-post elementor-grid-item post-6560 post type-post status-publish format-standard has-post-thumbnail hentry category-tyoelama tag-keikkatyo tag-keystaff tag-rekrytointi\" role=\"listitem\">\n\t\t\t<div class=\"elementor-post__card\">\n\t\t\t\t<a class=\"elementor-post__thumbnail__link\" href=\"https:\/\/keystaff.fi\/en\/keikkatyo-osaamista-joustavasti-oikeaan-aikaan\/\" tabindex=\"-1\"><div class=\"elementor-post__thumbnail\"><img loading=\"lazy\" decoding=\"async\" width=\"800\" height=\"480\" src=\"https:\/\/keystaff.fi\/wp-content\/uploads\/2025\/12\/Gemini_Generated_Image_atzm76atzm76atzm-1024x614.png\" class=\"attachment-large size-large wp-image-6509\" alt=\"\" srcset=\"https:\/\/keystaff.fi\/wp-content\/uploads\/2025\/12\/Gemini_Generated_Image_atzm76atzm76atzm-1024x614.png 1024w, https:\/\/keystaff.fi\/wp-content\/uploads\/2025\/12\/Gemini_Generated_Image_atzm76atzm76atzm-300x180.png 300w, https:\/\/keystaff.fi\/wp-content\/uploads\/2025\/12\/Gemini_Generated_Image_atzm76atzm76atzm-768x461.png 768w, https:\/\/keystaff.fi\/wp-content\/uploads\/2025\/12\/Gemini_Generated_Image_atzm76atzm76atzm-1536x922.png 1536w, https:\/\/keystaff.fi\/wp-content\/uploads\/2025\/12\/Gemini_Generated_Image_atzm76atzm76atzm-2048x1229.png 2048w, https:\/\/keystaff.fi\/wp-content\/uploads\/2025\/12\/Gemini_Generated_Image_atzm76atzm76atzm-18x12.png 18w\" sizes=\"(max-width: 800px) 100vw, 800px\" \/><\/div><\/a>\n\t\t\t\t<div class=\"elementor-post__badge\">Work life<\/div>\n\t\t\t\t<div class=\"elementor-post__avatar\">\n\t\t\t\t\t<\/div>\n\t\t\t\t<div class=\"elementor-post__text\">\n\t\t\t\t<h3 class=\"elementor-post__title\">\n\t\t\t<a href=\"https:\/\/keystaff.fi\/en\/keikkatyo-osaamista-joustavasti-oikeaan-aikaan\/\">\n\t\t\t\tGig Work \u2013 Professionals Flexibly at the Right Time\t\t\t<\/a>\n\t\t<\/h3>\n\t\t\t\t<div class=\"elementor-post__excerpt\">\n\t\t\t<p>Oletko miettinyt, miten yritykset voivat vastata nopeasti muuttuviin henkil\u00f6st\u00f6tarpeisiin ilman raskaita sitoumuksia? Keikkaty\u00f6 on noussut keskeiseksi ty\u00f6el\u00e4m\u00e4n ratkaisuksi. Se ei ole pelkk\u00e4 v\u00e4liaikainen ilmi\u00f6, vaan<\/p>\n\t\t<\/div>\n\t\t\t\t<\/div>\n\t\t\t\t<div class=\"elementor-post__meta-data\">\n\t\t\t\t\t<span class=\"elementor-post-date\">\n\t\t\t20\/01\/2026\t\t<\/span>\n\t\t\t\t<\/div>\n\t\t\t\t\t<\/div>\n\t\t<\/article>\n\t\t\t\t<article class=\"elementor-post elementor-grid-item post-6555 post type-post status-publish format-standard has-post-thumbnail hentry category-tyoelama tag-keystaff tag-tyonantaja tag-vuokratyo\" role=\"listitem\">\n\t\t\t<div class=\"elementor-post__card\">\n\t\t\t\t<a class=\"elementor-post__thumbnail__link\" href=\"https:\/\/keystaff.fi\/en\/henkilostovuokraus-joustavaa-tyovoimaa-vai-haasteita\/\" tabindex=\"-1\"><div class=\"elementor-post__thumbnail\"><img loading=\"lazy\" decoding=\"async\" width=\"800\" height=\"480\" src=\"https:\/\/keystaff.fi\/wp-content\/uploads\/2025\/12\/Gemini_Generated_Image_og21tfog21tfog21-1024x615.png\" class=\"attachment-large size-large wp-image-6511\" alt=\"\" srcset=\"https:\/\/keystaff.fi\/wp-content\/uploads\/2025\/12\/Gemini_Generated_Image_og21tfog21tfog21-1024x615.png 1024w, https:\/\/keystaff.fi\/wp-content\/uploads\/2025\/12\/Gemini_Generated_Image_og21tfog21tfog21-300x180.png 300w, https:\/\/keystaff.fi\/wp-content\/uploads\/2025\/12\/Gemini_Generated_Image_og21tfog21tfog21-768x461.png 768w, https:\/\/keystaff.fi\/wp-content\/uploads\/2025\/12\/Gemini_Generated_Image_og21tfog21tfog21-1536x923.png 1536w, https:\/\/keystaff.fi\/wp-content\/uploads\/2025\/12\/Gemini_Generated_Image_og21tfog21tfog21-2048x1230.png 2048w, https:\/\/keystaff.fi\/wp-content\/uploads\/2025\/12\/Gemini_Generated_Image_og21tfog21tfog21-18x12.png 18w\" sizes=\"(max-width: 800px) 100vw, 800px\" \/><\/div><\/a>\n\t\t\t\t<div class=\"elementor-post__badge\">Work life<\/div>\n\t\t\t\t<div class=\"elementor-post__avatar\">\n\t\t\t\t\t<\/div>\n\t\t\t\t<div class=\"elementor-post__text\">\n\t\t\t\t<h3 class=\"elementor-post__title\">\n\t\t\t<a href=\"https:\/\/keystaff.fi\/en\/henkilostovuokraus-joustavaa-tyovoimaa-vai-haasteita\/\">\n\t\t\t\tStaff Leasing \u2013 Flexible Workforce or Administrative Challenges?\t\t\t<\/a>\n\t\t<\/h3>\n\t\t\t\t<div class=\"elementor-post__excerpt\">\n\t\t\t<p>Yritystoiminta edellytt\u00e4\u00e4 t\u00e4n\u00e4 p\u00e4iv\u00e4n\u00e4 nopeaa reagointikyky\u00e4 ja kustannustehokkaita ratkaisuja. Mutta kuinka vastata \u00e4killisiin henkil\u00f6st\u00f6tarpeisiin ilman pitk\u00e4n aikav\u00e4lin sitoumuksia tai riskej\u00e4? Yh\u00e4 useampi yritys tarttuu henkil\u00f6st\u00f6vuokraukseen<\/p>\n\t\t<\/div>\n\t\t\t\t<\/div>\n\t\t\t\t<div class=\"elementor-post__meta-data\">\n\t\t\t\t\t<span class=\"elementor-post-date\">\n\t\t\t13\/01\/2026\t\t<\/span>\n\t\t\t\t<\/div>\n\t\t\t\t\t<\/div>\n\t\t<\/article>\n\t\t\t\t<article class=\"elementor-post elementor-grid-item post-6545 post type-post status-publish format-standard has-post-thumbnail hentry category-tyoelama tag-keystaff tag-kumppanuustarina tag-visit-inari\" role=\"listitem\">\n\t\t\t<div class=\"elementor-post__card\">\n\t\t\t\t<a class=\"elementor-post__thumbnail__link\" href=\"https:\/\/keystaff.fi\/en\/keystaff-kumppanuustarina-visit-inari\/\" tabindex=\"-1\"><div class=\"elementor-post__thumbnail\"><img loading=\"lazy\" decoding=\"async\" width=\"800\" height=\"408\" src=\"https:\/\/keystaff.fi\/wp-content\/uploads\/2025\/12\/32788320637_cd1eec5181_o.jpg\" class=\"attachment-large size-large wp-image-6546\" alt=\"\" srcset=\"https:\/\/keystaff.fi\/wp-content\/uploads\/2025\/12\/32788320637_cd1eec5181_o.jpg 870w, https:\/\/keystaff.fi\/wp-content\/uploads\/2025\/12\/32788320637_cd1eec5181_o-300x153.jpg 300w, https:\/\/keystaff.fi\/wp-content\/uploads\/2025\/12\/32788320637_cd1eec5181_o-768x392.jpg 768w, https:\/\/keystaff.fi\/wp-content\/uploads\/2025\/12\/32788320637_cd1eec5181_o-18x9.jpg 18w\" sizes=\"(max-width: 800px) 100vw, 800px\" \/><\/div><\/a>\n\t\t\t\t<div class=\"elementor-post__badge\">Work life<\/div>\n\t\t\t\t<div class=\"elementor-post__avatar\">\n\t\t\t\t\t<\/div>\n\t\t\t\t<div class=\"elementor-post__text\">\n\t\t\t\t<h3 class=\"elementor-post__title\">\n\t\t\t<a href=\"https:\/\/keystaff.fi\/en\/keystaff-kumppanuustarina-visit-inari\/\">\n\t\t\t\tKeyStaff's Partnership Story: Visit Inari Found a Reliable and Caring Partner in KeyStaff\t\t\t<\/a>\n\t\t<\/h3>\n\t\t\t\t<div class=\"elementor-post__excerpt\">\n\t\t\t<p>Lapin talvikausi ei j\u00e4t\u00e4 varaa sattumalle. Kun ymp\u00e4rist\u00f6 on ainutlaatuinen, sesonki intensiivinen ja tarpeet moninaisia, my\u00f6s rekrytoinnin on osuttava kerralla kohdalleen. Visit Inarilla t\u00e4m\u00e4 ymm\u00e4rret\u00e4\u00e4n<\/p>\n\t\t<\/div>\n\t\t\t\t<\/div>\n\t\t\t\t<div class=\"elementor-post__meta-data\">\n\t\t\t\t\t<span class=\"elementor-post-date\">\n\t\t\t06\/01\/2026\t\t<\/span>\n\t\t\t\t<\/div>\n\t\t\t\t\t<\/div>\n\t\t<\/article>\n\t\t\t\t<\/div>\n\t\t\n\t\t\t\t<div class=\"e-load-more-anchor\" data-page=\"1\" data-max-page=\"3\" data-next-page=\"https:\/\/keystaff.fi\/en\/wp-json\/wp\/v2\/pages\/670\/page\/2\/\"><\/div>\n\t\t\t\t<nav class=\"elementor-pagination\" aria-label=\"Pagination\">\n\t\t\t<span aria-current=\"page\" class=\"page-numbers current\"><span class=\"elementor-screen-only\">Page<\/span>1<\/span>\n<a class=\"page-numbers\" href=\"https:\/\/keystaff.fi\/en\/wp-json\/wp\/v2\/pages\/670\/page\/2\/\"><span class=\"elementor-screen-only\">Page<\/span>2<\/a>\n<a class=\"page-numbers\" href=\"https:\/\/keystaff.fi\/en\/wp-json\/wp\/v2\/pages\/670\/page\/3\/\"><span class=\"elementor-screen-only\">Page<\/span>3<\/a>\t\t<\/nav>\n\t\t\t\t\t\t<\/div>\n\t\t\t\t<\/div>\n\t\t\t\t\t<\/div>\n\t\t\t\t<\/div>\n\t\t\t\t<\/div>","protected":false},"excerpt":{"rendered":"","protected":false},"author":3,"featured_media":0,"parent":0,"menu_order":0,"comment_status":"closed","ping_status":"closed","template":"","meta":{"iawp_total_views":244,"footnotes":""},"class_list":["post-670","page","type-page","status-publish","hentry"],"_links":{"self":[{"href":"https:\/\/keystaff.fi\/en\/wp-json\/wp\/v2\/pages\/670","targetHints":{"allow":["GET"]}}],"collection":[{"href":"https:\/\/keystaff.fi\/en\/wp-json\/wp\/v2\/pages"}],"about":[{"href":"https:\/\/keystaff.fi\/en\/wp-json\/wp\/v2\/types\/page"}],"author":[{"embeddable":true,"href":"https:\/\/keystaff.fi\/en\/wp-json\/wp\/v2\/users\/3"}],"replies":[{"embeddable":true,"href":"https:\/\/keystaff.fi\/en\/wp-json\/wp\/v2\/comments?post=670"}],"version-history":[{"count":0,"href":"https:\/\/keystaff.fi\/en\/wp-json\/wp\/v2\/pages\/670\/revisions"}],"wp:attachment":[{"href":"https:\/\/keystaff.fi\/en\/wp-json\/wp\/v2\/media?parent=670"}],"curies":[{"name":"wp","href":"https:\/\/api.w.org\/{rel}","templated":true}]}}